{"id":109,"date":"2023-08-17T21:29:03","date_gmt":"2023-08-17T19:29:03","guid":{"rendered":"https:\/\/bicilicuadora.com\/?page_id=109"},"modified":"2024-01-18T11:17:43","modified_gmt":"2024-01-18T10:17:43","slug":"aviso-legal","status":"publish","type":"page","link":"https:\/\/bicilicuadora.com\/en\/aviso-legal\/","title":{"rendered":"Legal warning"},"content":{"rendered":"<p>[et_pb_section fb_built=\u00bb1&#8243; _builder_version=\u00bb4.16&#8243; da_disable_devices=\u00bboff|off|off\u00bb global_colors_info=\u00bb{}\u00bb da_is_popup=\u00bboff\u00bb da_exit_intent=\u00bboff\u00bb da_has_close=\u00bbon\u00bb da_alt_close=\u00bboff\u00bb da_dark_close=\u00bboff\u00bb da_not_modal=\u00bbon\u00bb da_is_singular=\u00bboff\u00bb da_with_loader=\u00bboff\u00bb da_has_shadow=\u00bbon\u00bb][et_pb_row _builder_version=\u00bb4.16&#8243; background_size=\u00bbinitial\u00bb background_position=\u00bbtop_left\u00bb background_repeat=\u00bbrepeat\u00bb global_colors_info=\u00bb{}\u00bb][et_pb_column type=\u00bb4_4&#8243; _builder_version=\u00bb4.16&#8243; custom_padding=\u00bb|||\u00bb global_colors_info=\u00bb{}\u00bb custom_padding__hover=\u00bb|||\u00bb][et_pb_text _builder_version=\u00bb4.16&#8243; text_font_size=\u00bb22px\u00bb text_line_height=\u00bb2em\u00bb header_2_font_size=\u00bb22px\u00bb header_2_line_height=\u00bb2em\u00bb background_color=\u00bb#e02b20&#8243; background_layout=\u00bbdark\u00bb global_colors_info=\u00bb{}\u00bb]<\/p>\n<h2 style=\"padding-left: 30px;\">AVISO LEGAL<\/h2>\n<p>[\/et_pb_text][et_pb_text _builder_version=\u00bb4.23.4&#8243; header_font=\u00bb||||||||\u00bb header_2_font=\u00bb||||||||\u00bb header_2_font_size=\u00bb22px\u00bb header_3_font=\u00bbUbuntu Condensed||||||||\u00bb header_3_font_size=\u00bb24px\u00bb header_3_line_height=\u00bb1.9em\u00bb hover_enabled=\u00bb0&#8243; saved_tabs=\u00bball\u00bb global_colors_info=\u00bb{}\u00bb header_2_font_size__hover_enabled=\u00bbon\u00bb header_2_text_color__hover_enabled=\u00bbon\u00bb header_2_text_color__hover=\u00bb#0c71c3&#8243; header_2_font_size__hover=\u00bb22px\u00bb sticky_enabled=\u00bb0&#8243;]<\/p>\n<p><span style=\"font-size: 0.9rem;\">El presente Aviso Legal regula las condiciones generales de acceso y utilizaci\u00f3n del sitio web accesible en la direcci\u00f3n URL <\/span><strong style=\"font-size: 0.9rem;\">https:\/\/bicilicuadora.com<\/strong><span style=\"font-size: 0.9rem;\"> (en adelante, el sitio web), que EVENTOS MONASTERIO LA REAL, SL pone a disposici\u00f3n de los usuarios de Internet.<\/span><\/p>\n<div id=\"clickdatos\">\n<p>La utilizaci\u00f3n del sitio web implica la aceptaci\u00f3n plena y sin reservas de todas y cada una de las disposiciones incluidas en este Aviso Legal. En consecuencia, el usuario del sitio web debe leer atentamente el presente Aviso Legal en cada una de las ocasiones en que se proponga utilizar la web, ya que el texto podr\u00eda sufrir modificaciones a criterio del titular de la web, o a causa de un cambio legislativo, jurisprudencial o en la pr\u00e1ctica empresarial.<\/p>\n<\/div>\n<p>&nbsp;<\/p>\n<div id=\"clickdatos\">\n<h3>TITULARIDAD DEL SITIO WEB.<\/h3>\n<p>Raz\u00f3n Social de la Empresa: EVENTOS MONASTERIO LA REAL, SL<br \/>Nombre del titular: EVENTOS MONASTERIO LA REAL, SL<br \/>Domicilio social: CALLE MONTEREY, 374 &#8211; CIUDAD SAN RAMON, 28680 SAN MARTIN DE VALDEIGLESIAS (MADRID)<br \/>NIF\/CIF: B86691789<br \/>Tel\u00e9fono de contacto: 666628135<br \/>Correo electr\u00f3nico: eventosmonasteriolareal@gmail.com<\/p>\n<\/div>\n<p>&nbsp;<\/p>\n<div id=\"clickdatos\">\n<h3>OBJETO.<\/h3>\n<p>El sitio web facilita a los usuarios del mismo el acceso a informaci\u00f3n y servicios prestados por EVENTOS MONASTERIO LA REAL, SL.\u00a0a aquellas personas u organizaciones interesadas en los mismos.<\/p>\n<\/div>\n<p>&nbsp;<\/p>\n<h3>ACCESO Y UTILIZACI\u00d3N DE LA WEB.<\/h3>\n<ul>\n<li>Car\u00e1cter gratuito del acceso y utilizaci\u00f3n de la web:\u00a0 El acceso a la web tiene car\u00e1cter gratuito para los usuarios de la misma.<\/li>\n<li>Registro de usuarios:\u00a0 Con car\u00e1cter general el acceso y utilizaci\u00f3n de la web no exige la previa suscripci\u00f3n o registro de los usuarios de la misma.<\/li>\n<\/ul>\n<p>&nbsp;<\/p>\n<div id=\"clickdatos\">\n<h3>CONTENIDOS DE LA WEB.<\/h3>\n<ul>\n<li>El idioma utilizado por el titular en la web ser\u00e1 el espa\u00f1ol. EVENTOS MONASTERIO LA REAL, SL\u00a0no se responsabiliza de la no comprensi\u00f3n o entendimiento del idioma de la web por el usuario, ni de sus consecuencias.<\/li>\n<li>EVENTOS MONASTERIO LA REAL, SL podr\u00e1 modificar los contenidos sin previo aviso, as\u00ed como suprimir y cambiar \u00e9stos dentro de la web, como la forma en que se accede a \u00e9stos, sin justificaci\u00f3n alguna y libremente, no responsabiliz\u00e1ndose de las consecuencias que los mismos puedan ocasionar a los usuarios.<\/li>\n<li>Se proh\u00edbe el uso de los contenidos de la web para promocionar, contratar o divulgar publicidad o informaci\u00f3n propia o de terceras personas sin la autorizaci\u00f3n de EVENTOS MONASTERIO LA REAL, SL, ni remitir publicidad o informaci\u00f3n vali\u00e9ndose para ello de los servicios o informaci\u00f3n que se ponen a disposici\u00f3n de los usuarios, independientemente de si la utilizaci\u00f3n es gratuita o no.<\/li>\n<li>Los enlaces o hiperenlaces que incorporen terceros en sus p\u00e1ginas web, dirigidos a esta web, ser\u00e1n para la apertura de la p\u00e1gina web completa, no pudiendo manifestar, directa o indirectamente, indicaciones falsas, inexactas o confusas, ni incurrir en acciones desleales o il\u00edcitas en contra de EVENTOS MONASTERIO LA REAL, SL.<\/li>\n<\/ul>\n<\/div>\n<p>&nbsp;<\/p>\n<div id=\"clickdatos\">\n<h3>LIMITACI\u00d3N DE RESPONSABILIDAD.<\/h3>\n<p>Tanto el acceso a la web como el uso no consentido que pueda efectuarse de la informaci\u00f3n contenida en la misma es de la exclusiva responsabilidad de quien lo realiza. EVENTOS MONASTERIO LA REAL, SL.<span style=\"font-size: 0.9rem;\">\u00a0<\/span>no responder\u00e1 de ninguna consecuencia, da\u00f1o o perjuicio que pudieran derivarse de dicho acceso o uso. EVENTOS MONASTERIO LA REAL, SL.<span style=\"font-size: 0.9rem;\">\u00a0<\/span>no se hace responsable de los errores de seguridad, que se puedan producir ni de los da\u00f1os que puedan causarse al sistema inform\u00e1tico del usuario (hardware y software), o a los ficheros o documentos almacenados en el mismo, como consecuencia de:<\/p>\n<ul style=\"list-style-type: square;\">\n<li>la presencia de un virus en el ordenador del usuario que sea utilizado para la conexi\u00f3n a los servicios y contenidos de la web,<\/li>\n<li>un mal funcionamiento del navegador,<\/li>\n<li>y\/o del uso de versiones no actualizadas del mismo.<\/li>\n<\/ul>\n<p><span style=\"font-size: 0.9rem;\">EVENTOS MONASTERIO LA REAL, SL. <\/span>no se hace responsable de la fiabilidad y rapidez de los hiperenlaces que se incorporen en la web para la apertura de otras.<\/p>\n<p><span style=\"font-size: 0.9rem;\">EVENTOS MONASTERIO LA REAL, SL. <\/span>no garantiza la utilidad de estos enlaces, ni se responsabiliza de los contenidos o servicios a los que pueda acceder el usuario por medio de estos enlaces, ni del buen funcionamiento de estas webs.<\/p>\n<p><span style=\"font-size: 0.9rem;\">EVENTOS MONASTERIO LA REAL, SL. <\/span>no ser\u00e1 responsable de los virus o dem\u00e1s programas inform\u00e1ticos que deterioren o puedan deteriorar los sistemas o equipos inform\u00e1ticos de los usuarios al acceder a su web u otras webs a las que se haya accedido mediante enlaces de esta web.<\/p>\n<\/div>\n<p>&nbsp;<\/p>\n<div id=\"clickdatos\">\n<h3>EMPLEO DE LA TECNOLOG\u00cdA \u201cCOOKIES\u00bb?<\/h3>\n<p>La web no emplea cookies ni cualquier otro procedimiento invisible de recogida de informaci\u00f3n cuando el usuario navega por ella, respetando en todo momento la confidencialidad e intimidad del mismo.<\/p>\n<p>*SI SE EMPLEAN COOKIES CONSULTAR COMUNICADO SOBRE USO DE COOKIES &lt;La web emplea cookies&gt;, puede consultar nuestra <span style=\"color: #666666;\"><strong><a style=\"color: #666666;\" href=\"https:\/\/gesbyte.com\/politica-de-cookies\" target=\"_blank\" rel=\"noopener\">Pol\u00edtica de Cookies<\/a><\/strong><\/span>, que respeta en todo momento la confidencialidad e intimidad del mismo.<\/p>\n<\/div>\n<p>&nbsp;<\/p>\n<div id=\"clickdatos\">\n<h3>PROPIEDAD INTELECTUAL E INDUSTRIAL.<\/h3>\n<p>Son propiedad de EVENTOS MONASTERIO LA REAL, SL. todos los derechos de propiedad industrial e intelectual de la web, as\u00ed como de los contenidos que alberga. Cualquier uso de la web o sus contenidos deber\u00e1 tener un car\u00e1cter exclusivamente particular. Cualquier otro uso que suponga la copia, reproducci\u00f3n, distribuci\u00f3n, transformaci\u00f3n, comunicaci\u00f3n p\u00fablica o cualquier otra acci\u00f3n similar, de todo o parte de los contenidos de la web, por lo que ning\u00fan usuario podr\u00e1 llevar a cabo estas acciones sin la autorizaci\u00f3n previa y por escrito de EVENTOS MONASTERIO LA REAL, SL.<\/p>\n<\/div>\n<p>&nbsp;<\/p>\n<div id=\"clickdatos\">\n<h3>POL\u00cdTICA DE PRIVACIDAD Y PROTECCION DE DATOS.<\/h3>\n<p><span style=\"font-size: 0.9rem;\">EVENTOS MONASTERIO LA REAL, SL. <\/span>garantiza la protecci\u00f3n y confidencialidad de los datos personales, de cualquier tipo que nos proporcionen nuestras empresas clientes de acuerdo con lo dispuesto en la Ley Org\u00e1nica 15\/1999, de 13 de Diciembre de Protecci\u00f3n de Datos de Car\u00e1cter Personal.<\/p>\n<p>Todos los datos facilitados por nuestras empresas-clientes a EVENTOS MONASTERIO LA REAL, SL<span style=\"font-size: 0.9rem;\">\u00a0<\/span>o a su personal, ser\u00e1n incluidos en un fichero automatizado de datos de car\u00e1cter personal creado y mantenido bajo la responsabilidad de EVENTOS MONASTERIO LA REAL, SL,\u00a0imprescindibles para prestar los servicios solicitados por los usuarios.<\/p>\n<p>Los datos facilitados ser\u00e1n tratados seg\u00fan el Reglamento de Medidas de Seguridad (Real Decreto 1720\/2007 de 21 de Diciembre), en este sentido EVENTOS MONASTERIO LA REAL, SL.<span style=\"font-size: 0.9rem;\">\u00a0<\/span>ha adoptado los niveles de protecci\u00f3n que legalmente se exigen, y ha instalado todas las medidas t\u00e9cnicas a su alcance para evitar la perdida, mal uso, alteraci\u00f3n, acceso no autorizado por terceros. No obstante, el usuario debe ser consciente de que las medidas de seguridad en Internet no son inexpugnables. En caso en que considere oportuno que se cedan sus datos de car\u00e1cter personal a otras entidades, el usuario ser\u00e1 informado de los datos cedidos, de la finalidad del fichero y del nombre y direcci\u00f3n del cesionario, para que de su consentimiento inequ\u00edvoco al respecto.<\/p>\n<p>En cumplimiento de lo establecido en la RGPD, el usuario podr\u00e1 ejercer sus derechos de acceso, rectificaci\u00f3n, cancelaci\u00f3n y oposici\u00f3n. Para ello debe de contactar con nosotros en eventosmonasteriolareal@gmail.com<\/p>\n<\/div>\n<p>&nbsp;<\/p>\n<div id=\"clickdatos\">\n<h3>LEGISLACI\u00d3N APLICABLE Y JURISDICCI\u00d3N COMPETENTE.<\/h3>\n<p>El presente Aviso Legal se interpretar\u00e1 y regir\u00e1 de conformidad con la legislaci\u00f3n espa\u00f1ola. EVENTOS MONASTERIO LA REAL, SL<span style=\"font-size: 0.9rem;\">\u00a0<\/span>y los usuarios, con renuncia expresa a cualquier otro fuero que pudiera corresponderles, se someten al de los juzgados y tribunales del domicilio del usuario para cualquier controversia que pudiera derivarse del acceso o uso de la web. En el caso de que el usuario tenga su domicilio fuera de Espa\u00f1a, EVENTOS MONASTERIO LA REAL, SL<span style=\"font-size: 0.9rem;\">\u00a0<\/span>y el usuario, se someten, con renuncia expresa a cualquier otro fuero, a los juzgados y tribunales del domicilio de EVENTOS MONASTERIO LA REAL, SL.<\/p>\n<p>&nbsp;<\/p>\n<p>&nbsp;<\/p>\n<\/div>\n<div>\u00a0<\/div>\n<div>\u00a0<\/div>\n<p>[\/et_pb_text][\/et_pb_column][\/et_pb_row][\/et_pb_section]<\/p>\n","protected":false},"excerpt":{"rendered":"<p>AVISO LEGAL El presente Aviso Legal regula las condiciones generales de acceso y utilizaci\u00f3n del sitio web accesible en la direcci\u00f3n URL https:\/\/bicilicuadora.com (en adelante, el sitio web), que EVENTOS MONASTERIO LA REAL, SL pone a disposici\u00f3n de los usuarios de Internet. La utilizaci\u00f3n del sitio web implica la aceptaci\u00f3n plena y sin reservas de [&hellip;]<\/p>\n","protected":false},"author":1,"featured_media":0,"parent":0,"menu_order":0,"comment_status":"closed","ping_status":"closed","template":"","meta":{"_et_pb_use_builder":"on","_et_pb_old_content":"","_et_gb_content_width":"","footnotes":""},"class_list":["post-109","page","type-page","status-publish","hentry"],"_links":{"self":[{"href":"https:\/\/bicilicuadora.com\/en\/wp-json\/wp\/v2\/pages\/109","targetHints":{"allow":["GET"]}}],"collection":[{"href":"https:\/\/bicilicuadora.com\/en\/wp-json\/wp\/v2\/pages"}],"about":[{"href":"https:\/\/bicilicuadora.com\/en\/wp-json\/wp\/v2\/types\/page"}],"author":[{"embeddable":true,"href":"https:\/\/bicilicuadora.com\/en\/wp-json\/wp\/v2\/users\/1"}],"replies":[{"embeddable":true,"href":"https:\/\/bicilicuadora.com\/en\/wp-json\/wp\/v2\/comments?post=109"}],"version-history":[{"count":0,"href":"https:\/\/bicilicuadora.com\/en\/wp-json\/wp\/v2\/pages\/109\/revisions"}],"wp:attachment":[{"href":"https:\/\/bicilicuadora.com\/en\/wp-json\/wp\/v2\/media?parent=109"}],"curies":[{"name":"wp","href":"https:\/\/api.w.org\/{rel}","templated":true}]}}