{"id":114,"date":"2023-08-17T21:30:12","date_gmt":"2023-08-17T19:30:12","guid":{"rendered":"https:\/\/bicilicuadora.com\/?page_id=114"},"modified":"2024-01-18T11:27:27","modified_gmt":"2024-01-18T10:27:27","slug":"declaracion-de-accesibilidad","status":"publish","type":"page","link":"https:\/\/bicilicuadora.com\/en\/declaracion-de-accesibilidad\/","title":{"rendered":"Accessibility Statement"},"content":{"rendered":"<p>[et_pb_section fb_built=\u00bb1&#8243; _builder_version=\u00bb4.19.4&#8243; _module_preset=\u00bbdefault\u00bb da_disable_devices=\u00bboff|off|off\u00bb global_colors_info=\u00bb{}\u00bb da_is_popup=\u00bboff\u00bb da_exit_intent=\u00bboff\u00bb da_has_close=\u00bbon\u00bb da_alt_close=\u00bboff\u00bb da_dark_close=\u00bboff\u00bb da_not_modal=\u00bbon\u00bb da_is_singular=\u00bboff\u00bb da_with_loader=\u00bboff\u00bb da_has_shadow=\u00bbon\u00bb][et_pb_row _builder_version=\u00bb4.19.4&#8243; _module_preset=\u00bbdefault\u00bb global_colors_info=\u00bb{}\u00bb][et_pb_column type=\u00bb4_4&#8243; _builder_version=\u00bb4.19.4&#8243; _module_preset=\u00bbdefault\u00bb global_colors_info=\u00bb{}\u00bb][et_pb_text _builder_version=\u00bb4.19.5&#8243; _module_preset=\u00bbdefault\u00bb header_font=\u00bb|600|||||||\u00bb header_font_size=\u00bb22px\u00bb header_2_font=\u00bb|600|||||||\u00bb header_2_font_size=\u00bb22px\u00bb global_colors_info=\u00bb{}\u00bb]<\/p>\n<h1>DECLARACI\u00d3N DE ACCESIBILIDAD<\/h1>\n<p>[\/et_pb_text][et_pb_divider divider_weight=\u00bb3px\u00bb _builder_version=\u00bb4.19.4&#8243; _module_preset=\u00bbdefault\u00bb width=\u00bb20%\u00bb max_width=\u00bb20%\u00bb custom_margin=\u00bb-20px||||false|false\u00bb global_colors_info=\u00bb{}\u00bb][\/et_pb_divider][et_pb_text _builder_version=\u00bb4.23.4&#8243; _module_preset=\u00bbdefault\u00bb hover_enabled=\u00bb0&#8243; global_colors_info=\u00bb{}\u00bb sticky_enabled=\u00bb0&#8243;]<\/p>\n<div class=\"content-wrapper cw-interest\">\n<div class=\"mod_content-middle md-middle\">\n<section class=\"mod_descriptionDetail\">\n<div class=\"contenido_general\">\n<div class=\"detail-cont\">\n<article class=\"mod-detail\"><strong>EVENTOS MONASTERIO LA REAL, SL. se ha comprometido<\/strong> a hacer accesible su sitio web de conformidad con <a href=\"https:\/\/administracionelectronica.gob.es\/pae_Home\/pae_Estrategias\/pae_Accesibilidad\/pae_normativa\/pae_eInclusion_Normas_Accesibilidad.html\" target=\"_blank\" rel=\"noopener\">UNE-EN 301 549:2019, \u201cRequisitos de accesibilidad de productos y servicios TIC aplicables a la contrataci\u00f3n p\u00fablica en Europa\u201d \u2013 \u201cAccessibility requirements suitable for public procurement of ICT products and services in Europe\u201d<\/a><\/article>\n<article class=\"mod-detail\">\n<article class=\"mod-detail\">Esta norma establece los requisitos funcionales que garantizar\u00e1n que los productos y servicios TIC sean accesibles para todas las personas; por ejemplo, desde un tel\u00e9fono m\u00f3vil, hasta ordenadores, pasando por p\u00e1ginas web; as\u00ed, los requisitos para la web se basan en las <strong>directrices de accesibilidad de contenidos web WCAG 2.1<\/strong>, desarrolladas por W3C, estando en l\u00ednea con los indicados en la norma espa\u00f1ola UNE 139803, \u2018Requisitos de accesibilidad para contenidos en la Web\u2019.<\/p>\n<p>Norma EN 301 549 v2.1.2 (2018-08) \u00abRequisitos de accesibilidad para productos y servicios TIC\u00bb especifica los requisitos funcionales de accesibilidad aplicables a los productos y servicios que incluyan TIC (sitios web, software, apps nativas, documentos, hardware, etc). Adem\u00e1s de describir los procedimientos de prueba y la metodolog\u00eda de evaluaci\u00f3n a seguir para cada requisito de accesibilidad.\u00a0<\/p>\n<\/article>\n<article class=\"mod-detail\">\n<p>&nbsp;<\/p>\n<p>&nbsp;<\/p>\n<\/article>\n<article class=\"mod-detail\">\n<h2>Pautas de Accesibilidad para el Contenido Web (WCAG) 2.1<\/h2>\n<p>Las\u00a0<a title=\"Web Content Accessibility Guidelines 2.1 (Abre en nueva ventana)\" href=\"http:\/\/www.w3.org\/TR\/2018\/REC-WCAG21-20180605\/\" target=\"_blank\" rel=\"noopener\">Web Content Accessibility Guidelines (WCAG) 2.1<\/a>\u00a0son la \u00faltima versi\u00f3n de las pautas de accesibilidad del contenido en la Web del W3C (World Wide Web Consortium).<\/p>\n<p>La norma\u00a0\u00a0<a title=\"EN 301-549 v2.1.2 (2018-08) (Abre en nueva ventana)\" href=\"https:\/\/www.etsi.org\/deliver\/etsi_en\/301500_301599\/301549\/02.01.02_60\/en_301549v020102p.pdf\" target=\"_blank\" rel=\"noopener\">EN 301-549 v2.1.2 (2018-08)<\/a> est\u00e1 alineada con las WCAG 2.1 y por lo tanto introduce todos los cambios incorporados a esta \u00faltima: nuevos criterios de conformidad, nueva pauta \u00ab2.5 Modalidades de entrada\u00bb, etc.<\/p>\n<p>Cabe mencionar tambi\u00e9n que en esta nueva versi\u00f3n no se han modificado los criterios de conformidad preexistentes en las WCAG 2.0, ni siquiera su numeraci\u00f3n.<\/p>\n<p><strong>La presente declaraci\u00f3n de accesibilidad se aplica al sitio web: https:\/\/bicilicuadora.com<\/strong><\/p>\n<\/article>\n<\/article>\n<article class=\"mod-detail\">\n<h2>\u00a0<\/h2>\n<h2 class=\"md-title\">Situaci\u00f3n de cumplimiento<\/h2>\n<p>Este sitio web es\u00a0<strong class=\"strong\">parcialmente conforme\u00a0<\/strong>con el RD 1112\/2018 debido a las excepciones y a\u00a0la falta de conformidad de los aspectos que se indican a continuaci\u00f3n.<\/p>\n<\/article>\n<article class=\"mod-detail\">\n<h2 class=\"md-title\">\u00a0<\/h2>\n<h2 class=\"md-title\">Contenido no accesible<\/h2>\n<p>El contenido que se recoge a continuaci\u00f3n no es accesible por lo siguiente:<\/p>\n<p><strong><span class=\"negrita\">Falta de conformidad con el RD 1112\/2018<\/span><\/strong><\/p>\n<ol>\n<li style=\"list-style-type: none;\">\n<ul>\n<li>Existen logotipos e im\u00e1genes con texto confuso e im\u00e1genes complejas sin descripci\u00f3n textual <span class=\"cursiva\">[requisito n\u00famero 9.1.1.1 Contenido no textual, de UNE-EN 301549:2022].<\/span><\/li>\n<li>Existen etiquetas invisibles en elementos de formularios<span class=\"cursiva\">\u00a0[requisito n\u00famero 9.1.3.1 Informaci\u00f3n y relaciones, de UNE-EN 301549:2022].<\/span><\/li>\n<li>Existen tablas no adaptadas a tama\u00f1os de pantalla peque\u00f1os y campos de formulario que no se visualizan correctamente en tama\u00f1os de pantalla peque\u00f1os en dispositivos anticuados y obsoletos <span class=\"cursiva\">[requisito n\u00famero 9.1.4.10 Reajuste de texto, de UNE-EN 301549:2022]<\/span>.<\/li>\n<li>Existe texto que al cambiar los espacios y alturas de l\u00ednea no se visualiza correctamente<span class=\"cursiva\">\u00a0[requisito n\u00famero 9.1.4.12 Espaciado de texto, de UNE-EN 301549:2022].<\/span><\/li>\n<li>Existen elementos que no son accesibles por teclado, como por ejemplo enlaces a redes sociales, el editor de textos para comentarios, elementos para ordenar resultados de b\u00fasqueda, la paginaci\u00f3n de los resultados de b\u00fasqueda\u00a0<span class=\"cursiva\">[requisito n\u00famero 9.2.1.1 Teclado, de UNE-EN 301549:2022].<\/span><\/li>\n<li>Hay elementos que no reciben el foco y por tanto no se puede interactuar con ellos mediante el teclado, por ejemplo\u00a0<span class=\"cursiva\">[requisito n\u00famero 9.2.4.3 Orden del foco, de UNE-EN 301549:2022]<\/span>.<\/li>\n<li>Existen im\u00e1genes, infograf\u00edas, textos de enlaces o botones, texto de titulares y contenido que no est\u00e1n traducidos a otros idiomas\u00a0<span class=\"cursiva\">[requisito n\u00famero 9.3.1.2 Idioma de las partes, de UNE-EN 301549:2022]<\/span>.<\/li>\n<li>En alguna p\u00e1gina se est\u00e1 usando el mismo icono para diferentes prop\u00f3sitos, lo cual genera confunsi\u00f3n\u00a0<span class=\"cursiva\">[requisito n\u00famero 9.3.2.4 Identificaci\u00f3n coherente, de UNE-EN 301549:2022]<\/span>.<\/li>\n<li>Existen mensajes de error poco descriptivos, o mensajes de error que no est\u00e1n agrupados en un \u00fanico mensaje as\u00ed como\u00a0falta de sugerencias en formulario para rellenar los campos correctamente\u00a0<span class=\"cursiva\">[requisito n\u00famero 9.3.3.1 Identificaci\u00f3n de errores, de UNE-EN 301549:2022]<\/span>.<\/li>\n<li>Existen formularios con campos obligatorios donde no se informa al usuario de ello, as\u00ed como campos donde falta un ejemplo textual del formato del campo <span class=\"cursiva\">[requisito n\u00famero 9.3.3.2 Etiquetas e instrucciones, de UNE-EN 301549:2022]<\/span>.<\/li>\n<li>Existen campos de formularios donde se informa del error cuando se introduce un valor incorrecto pero no se informa de una sugerencia para su correcci\u00f3n <span class=\"cursiva\">[requisito n\u00famero 9.3.3.3 Sugerencias ante errores, de UNE-EN 301549:2022]<\/span>.<\/li>\n<li>Existen p\u00e1ginas que pueden contener errores de sintaxis y por tanto alg\u00fan producto de apoyo puede no interpretar correctamente el contenido<span class=\"cursiva\">\u00a0[requisito n\u00famero 9.4.1.1 Procesamiento, de UNE-EN 301549:2022]<\/span>.<\/li>\n<li>Existen p\u00e1ginas en las que los productos de apoyo no van a poder obtener informaci\u00f3n, interactuar y estar al corriente del estado de los controles de interfaz de usuario, como por ejemplo, mensajes de ayuda, mensajes de estado de resultado de acciones, atributos de enlaces, men\u00fas superior y pi\u00e9 de p\u00e1gina, imagen de idioma de p\u00e1gina&#8230; que no podr\u00e1n ser le\u00eddo por lectores de pantalla en el momento en el que aparecen <span class=\"cursiva\">[requisito n\u00famero 9.4.1.2 Nombre, funci\u00f3n, valor de UNE-EN 301549:2022]<\/span>.<\/li>\n<li>Podr\u00edan existir fallos puntuales de edici\u00f3n en alguna p\u00e1gina web.<\/li>\n<\/ul>\n<\/li>\n<\/ol>\n<p>&nbsp;<\/p>\n<p><strong><span class=\"negrita\">Carga desproporcionada<\/span><\/strong><\/p>\n<ul>\n<li style=\"list-style-type: none;\">\n<ul>\n<li>No aplica.<\/li>\n<\/ul>\n<\/li>\n<\/ul>\n<p>&nbsp;<\/p>\n<p><strong>El contenido <span class=\"negrita\">no entra dentro del \u00e1mbito de la legislaci\u00f3n\u00a0<\/span>aplicable.<\/strong><\/p>\n<p>&nbsp;<\/p>\n<ul>\n<li style=\"list-style-type: none;\">\n<ul>\n<li>Podr\u00edan existir archivos ofim\u00e1ticos en PDF u otros formatos publicados que no cumplan en su totalidad todos los requisitos de accesibilidad. Aunque se ha procurado que la mayor\u00eda de ellos s\u00ed lo cumplan.<\/li>\n<\/ul>\n<\/li>\n<\/ul>\n<\/article>\n<article class=\"mod-detail\">\n<h2>\u00a0<\/h2>\n<h2 class=\"md-title\">Preparaci\u00f3n de la presente declaraci\u00f3n de accesibilidad.<\/h2>\n<p>La presente declaraci\u00f3n fue preparada el 20 de diciembre de 2023.<br \/>El m\u00e9todo empleado para preparar la declaraci\u00f3n ha sido una autoevaluaci\u00f3n llevada a cabo por el propio dise\u00f1ador-desarrollador web.<\/p>\n<p>&nbsp;<\/p>\n<\/article>\n<article class=\"mod-detail\">\n<h2 class=\"md-title\">Observaciones y datos de contacto<\/h2>\n<div>\n<p>Puede realizar\u00a0<span class=\"negrita\">comunicaciones\u00a0<\/span>sobre requisitos de accesibilidad (art\u00edculo 10.2.a) del RD 1112\/2018) como por ejemplo:<\/p>\n<\/div>\n<div>\n<ul>\n<li>informar sobre cualquier posible\u00a0<span class=\"negrita\">incumplimiento<\/span>\u00a0por parte de este\u00a0sitio web<\/li>\n<li>transmitir otras\u00a0<span class=\"negrita\">dificultades de acceso\u00a0<\/span>al contenido<\/li>\n<li>formular cualquier otra\u00a0<span class=\"negrita\">consulta o sugerencia de mejora\u00a0<\/span>relativa a la accesibilidad del sitio web<\/li>\n<\/ul>\n<p>A trav\u00e9s del <strong><span style=\"color: #666666;\">formulario de contacto<\/span><\/strong> o llamando al tel\u00e9fono 666628135.<\/p>\n<p>&nbsp;<\/p>\n<\/div>\n<p>Puede presentar:<\/p>\n<ul>\n<li>una\u00a0<span class=\"negrita\">Queja\u00a0<\/span>relativa al cumplimiento de los requisitos del RD 1112\/2018 o<\/li>\n<li>una\u00a0<span class=\"negrita\">Solicitud de Informaci\u00f3n accesible\u00a0<\/span>relativa a:\n<ul>\n<li><span class=\"negrita\">contenidos\u00a0<\/span>que est\u00e1n\u00a0<span class=\"negrita\">excluidos<\/span>\u00a0del\u00a0<span class=\"negrita\">\u00e1mbito de aplicaci\u00f3n\u00a0<\/span>del RD 1112\/2018 seg\u00fan lo establecido por el art\u00edculo 3, apartado 4<\/li>\n<li><span class=\"negrita\">contenidos\u00a0<\/span>que est\u00e1n\u00a0<span class=\"negrita\">exentos\u00a0<\/span>del\u00a0<span class=\"negrita\">cumplimiento\u00a0<\/span>de los requisitos de accesibilidad por imponer una\u00a0<span class=\"negrita\">carga desproporcionada<\/span>.<\/li>\n<\/ul>\n<\/li>\n<\/ul>\n<p>En la Solicitud de informaci\u00f3n accesible, se debe concretar, con toda claridad, los hechos, razones y petici\u00f3n que permitan constatar que se trata de una solicitud razonable y leg\u00edtima.<\/p>\n<p>&nbsp;<\/p>\n<\/article>\n<article class=\"mod-detail\">\n<h2>\u00a0<\/h2>\n<h2 class=\"md-title\">Procedimiento de aplicaci\u00f3n.<\/h2>\n<p>&nbsp;<\/p>\n<p>Si una vez realizada una solicitud de informaci\u00f3n accesible o queja, \u00e9sta hubiera sido desestimada, no se estuviera de acuerdo con la decisi\u00f3n adoptada, o la respuesta no cumpliera los requisitos contemplados en el art\u00edculo 12.5, la persona interesada podr\u00e1 iniciar una reclamaci\u00f3n. Igualmente se podr\u00e1 iniciar una reclamaci\u00f3n en el caso de que haya trascurrido el plazo de veinte d\u00edas h\u00e1biles sin haber obtenido respuesta.<\/p>\n<p>&nbsp;<\/p>\n<\/article>\n<article class=\"mod-detail\">\n<h2 class=\"md-title\">Contenido opcional<\/h2>\n<p>Este sitio web aplica los requisitos de la<span class=\"negrita\">\u00a0Norma UNE-EN 301549:2022<\/span>\u00a0considerando las excepciones del RD 1112\/2018.<\/p>\n<p>La \u00faltima revisi\u00f3n de la accesibilidad se ha realizado en diciembre de 2023.<\/p>\n<p>El sitio web est\u00e1 optimizado para todos los navegadores web m\u00e1s utilizaos por los usuarios como Microsoft edgey las \u00faltimas versiones vigentes de FireFox, Safari, Opera y Google Chrome. <strong>La <span class=\"negrita\">resoluci\u00f3n<\/span>\u00a0web\u00a0<span class=\"negrita\">m\u00ednima<\/span>\u00a0recomendada es de\u00a0<span class=\"negrita\">1280&#215;1024<\/span><\/strong>.<\/p>\n<p>El sitio web est\u00e1 dise\u00f1ado para su visualizaci\u00f3n Responsive, con lo que se visualiza de forma \u00f3ptima en los dispositivos tablet y m\u00f3viles. En estos dispositivos est\u00e1 optimizado para su visualizaci\u00f3n en las \u00faltimas versiones vigentes de Chrome for mobile, Firefox for mobile, Safari mobile, Opera Mini y navegador nativo de Android.<\/p>\n<p>Se incorporan una serie de\u00a0<span class=\"negrita\">atajos de teclado\u00a0<\/span>para facilitar la navegaci\u00f3n a trav\u00e9s del portal Dependiendo del navegador desde el cual se est\u00e9 accediendo al portal, ser\u00e1 necesario utilizar una combinaci\u00f3n de teclas u otras para el uso de\u00a0los atajos de teclado:<\/p>\n<p>&nbsp;<\/p>\n<table>\n<caption>\u00a0<\/caption>\n<thead>\n<tr>\n<th scope=\"col\">Sistema Operativo<\/th>\n<th scope=\"col\">Navegador<\/th>\n<th scope=\"col\">Combinaci\u00f3n de teclas<\/th>\n<\/tr>\n<\/thead>\n<tbody>\n<tr>\n<th rowspan=\"4\" scope=\"row\">Windows<\/th>\n<td>Internet Explorer<\/td>\n<td>Alt + Tecla de atajo<\/td>\n<\/tr>\n<tr>\n<td>Google Chrome<\/td>\n<td>Alt + Tecla de atajo<\/td>\n<\/tr>\n<tr>\n<td>Safari<\/td>\n<td>Alt + Tecla de atajo<\/td>\n<\/tr>\n<tr>\n<td>Firefox<\/td>\n<td>Alt + May\u00fascula + Tecla de atajo<\/td>\n<\/tr>\n<tr>\n<th rowspan=\"3\" scope=\"row\">MAC<\/th>\n<td>Safari<\/td>\n<td>Ctrl + Alt + Tecla de atajo<\/td>\n<\/tr>\n<tr>\n<td>Google Chrome<\/td>\n<td>Ctrl + Alt + Tecla de atajo<\/td>\n<\/tr>\n<tr>\n<td>Firefox<\/td>\n<td>Ctrl + Tecla de atajo<\/td>\n<\/tr>\n<tr>\n<th rowspan=\"1\" scope=\"row\">Ubuntu<\/th>\n<td>Firefox<\/td>\n<td>Alt + May\u00fascula + Tecla de atajo<\/td>\n<\/tr>\n<\/tbody>\n<\/table>\n<\/article>\n<\/div>\n<\/div>\n<\/section>\n<\/div>\n<div class=\"mod_bannerCiudadano mbc-areatecnica\">\u00a0<\/div>\n<\/div>\n<div class=\"resumenEncuesta\">\n<section class=\"encuesta\">\n<div id=\"form-enviar-encuesta\" class=\"form-encuesta-resumen\" lang=\"es\">\n<div class=\"fld-enc\">\u00a0<\/div>\n<\/div>\n<\/section>\n<\/div>\n<p>[\/et_pb_text][\/et_pb_column][\/et_pb_row][\/et_pb_section]<\/p>\n","protected":false},"excerpt":{"rendered":"<p>DECLARACI\u00d3N DE ACCESIBILIDAD EVENTOS MONASTERIO LA REAL, SL. se ha comprometido a hacer accesible su sitio web de conformidad con UNE-EN 301 549:2019, \u201cRequisitos de accesibilidad de productos y servicios TIC aplicables a la contrataci\u00f3n p\u00fablica en Europa\u201d \u2013 \u201cAccessibility requirements suitable for public procurement of ICT products and services in Europe\u201d Esta norma establece [&hellip;]<\/p>\n","protected":false},"author":1,"featured_media":0,"parent":0,"menu_order":0,"comment_status":"closed","ping_status":"closed","template":"","meta":{"_et_pb_use_builder":"on","_et_pb_old_content":"","_et_gb_content_width":"","footnotes":""},"class_list":["post-114","page","type-page","status-publish","hentry"],"_links":{"self":[{"href":"https:\/\/bicilicuadora.com\/en\/wp-json\/wp\/v2\/pages\/114","targetHints":{"allow":["GET"]}}],"collection":[{"href":"https:\/\/bicilicuadora.com\/en\/wp-json\/wp\/v2\/pages"}],"about":[{"href":"https:\/\/bicilicuadora.com\/en\/wp-json\/wp\/v2\/types\/page"}],"author":[{"embeddable":true,"href":"https:\/\/bicilicuadora.com\/en\/wp-json\/wp\/v2\/users\/1"}],"replies":[{"embeddable":true,"href":"https:\/\/bicilicuadora.com\/en\/wp-json\/wp\/v2\/comments?post=114"}],"version-history":[{"count":0,"href":"https:\/\/bicilicuadora.com\/en\/wp-json\/wp\/v2\/pages\/114\/revisions"}],"wp:attachment":[{"href":"https:\/\/bicilicuadora.com\/en\/wp-json\/wp\/v2\/media?parent=114"}],"curies":[{"name":"wp","href":"https:\/\/api.w.org\/{rel}","templated":true}]}}