{"id":249459,"date":"2024-11-22T19:34:44","date_gmt":"2024-11-22T18:34:44","guid":{"rendered":"https:\/\/bicilicuadora.com\/?page_id=249459"},"modified":"2025-12-09T16:24:37","modified_gmt":"2025-12-09T15:24:37","slug":"stands-en-ferias","status":"publish","type":"page","link":"https:\/\/bicilicuadora.com\/en\/stands-en-ferias\/","title":{"rendered":"Stands at fairs"},"content":{"rendered":"<p>[et_pb_section fb_built=\u00bb1&#8243; admin_label=\u00bbHeader\u00bb _builder_version=\u00bb4.22.0&#8243; _module_preset=\u00bbdefault\u00bb custom_padding=\u00bb0px||0px||true|false\u00bb da_disable_devices=\u00bboff|off|off\u00bb collapsed=\u00bbon\u00bb global_colors_info=\u00bb{}\u00bb da_is_popup=\u00bboff\u00bb da_exit_intent=\u00bboff\u00bb da_has_close=\u00bbon\u00bb da_alt_close=\u00bboff\u00bb da_dark_close=\u00bboff\u00bb da_not_modal=\u00bbon\u00bb da_is_singular=\u00bboff\u00bb da_with_loader=\u00bboff\u00bb da_has_shadow=\u00bbon\u00bb][et_pb_row column_structure=\u00bb1_2,1_2&#8243; make_equal=\u00bbon\u00bb _builder_version=\u00bb4.27.5&#8243; _module_preset=\u00bbdefault\u00bb background_enable_image=\u00bboff\u00bb background_size=\u00bbinitial\u00bb width=\u00bb100%\u00bb max_width=\u00bb2000px\u00bb custom_padding=\u00bb0px||0px||true|false\u00bb global_colors_info=\u00bb{}\u00bb][et_pb_column type=\u00bb1_2&#8243; _builder_version=\u00bb4.27.5&#8243; _module_preset=\u00bbdefault\u00bb background_image=\u00bbhttps:\/\/bicilicuadora.com\/wp-content\/uploads\/2025\/12\/bicilicuadora-stands_11zon.webp\u00bb hover_enabled=\u00bb0&#8243; global_colors_info=\u00bb{}\u00bb alt=\u00bbBicilicuadora Servicios\u00bb title_text=\u00bbBicilicuadora Servicios\u00bb sticky_enabled=\u00bb0&#8243;][et_pb_divider show_divider=\u00bboff\u00bb _builder_version=\u00bb4.22.0&#8243; _module_preset=\u00bbdefault\u00bb height_tablet=\u00bb40vw\u00bb height_phone=\u00bb40vw\u00bb height_last_edited=\u00bbon|desktop\u00bb global_colors_info=\u00bb{}\u00bb][\/et_pb_divider][\/et_pb_column][et_pb_column type=\u00bb1_2&#8243; _builder_version=\u00bb4.27.3&#8243; _module_preset=\u00bbdefault\u00bb custom_padding=\u00bb26px|8%|26px||true|false\u00bb custom_padding_tablet=\u00bb|||8%|true|false\u00bb custom_padding_phone=\u00bb|||8%|true|false\u00bb custom_padding_last_edited=\u00bbon|tablet\u00bb global_colors_info=\u00bb{}\u00bb][et_pb_text _builder_version=\u00bb4.27.3&#8243; _module_preset=\u00bbefc92e44-d736-4ae9-a3d1-2725f2d01764&#8243; header_font=\u00bb&#8211;et_global_heading_font|700|||||||\u00bb custom_margin=\u00bb14px||10px||false|false\u00bb custom_margin_tablet=\u00bb14px||10px||false|false\u00bb custom_margin_phone=\u00bb-22px||10px||false|false\u00bb custom_margin_last_edited=\u00bbon|desktop\u00bb header_font_size_phone=\u00bb32px\u00bb global_colors_info=\u00bb{}\u00bb]<\/p>\n<h1>Stands en ferias<\/h1>\n<p>[\/et_pb_text][et_pb_text _builder_version=\u00bb4.27.3&#8243; _module_preset=\u00bb75cbc685-b695-4930-a3b2-044b7c01ec9c\u00bb text_font=\u00bb&#8211;et_global_body_font||||||||\u00bb global_colors_info=\u00bb{}\u00bb]<\/p>\n<p>En Bicilicuadora, ofrecemos una forma innovadora y sostenible de atraer a visitantes a tu stand en ferias y exposiciones. Con nuestra propuesta interactiva, transformamos tu espacio en una experiencia memorable que combina creatividad, energ\u00eda y diversi\u00f3n.<\/p>\n<p><span style=\"color: #000000;\"><strong>\u00bfQu\u00e9 aportamos a tu stand?<\/strong><\/span><\/p>\n<ul>\n<li><span style=\"color: #ff9900;\"><strong>Genera impacto<\/strong><\/span>: La Bicilicuadora es una herramienta que captura la atenci\u00f3n al instante. Los visitantes pueden pedalear para preparar deliciosos batidos y zumos, creando un v\u00ednculo directo con tu marca mientras disfrutan del proceso.<\/li>\n<li><span style=\"color: #ff9900;\"><strong>Sostenibilidad en acci\u00f3n<\/strong><\/span>: Mostrar compromiso con el medio ambiente es m\u00e1s relevante que nunca. Nuestra bicicleta funciona con energ\u00eda humana, destacando tus valores ecol\u00f3gicos y aline\u00e1ndolos con tendencias actuales.<\/li>\n<li><span style=\"color: #ff9900;\"><strong>Participaci\u00f3n activa<\/strong><\/span>: Transforma tu stand en un espacio din\u00e1mico donde los asistentes se convierten en protagonistas, fomentando una interacci\u00f3n m\u00e1s profunda y memorable.<\/li>\n<\/ul>\n<p><strong>Beneficios para ferias y exposiciones:<\/strong><\/p>\n<ol>\n<li><span style=\"color: #ff9900;\"><strong>Atracci\u00f3n visual y sensorial<\/strong><\/span>: La combinaci\u00f3n de movimiento, color y la experiencia de los batidos frescos crea una conexi\u00f3n poderosa con los asistentes.<\/li>\n<li><span style=\"color: #ff9900;\"><strong>Versatilidad<\/strong><\/span>: Personalizamos la experiencia para reflejar los valores y objetivos de tu empresa o evento.<\/li>\n<li><span style=\"color: #ff9900;\"><strong>Mensaje sostenible<\/strong><\/span>: Tu stand se posicionar\u00e1 como un l\u00edder en innovaci\u00f3n y conciencia ambiental.<\/li>\n<\/ol>\n<p>Haz que tu presencia en ferias destaque con Bicilicuadora.<\/p>\n<p>\u00a1Pedalea hacia el \u00e9xito y deja una huella positiva en el p\u00fablico!<\/p>\n<p>[\/et_pb_text][et_pb_button button_url=\u00bbhttps:\/\/bicilicuadora.com\/contacto\/\u00bb url_new_window=\u00bbon\u00bb button_text=\u00bbM\u00e1s informaci\u00f3n\u00bb _builder_version=\u00bb4.27.3&#8243; _module_preset=\u00bb53f2e5c7-efb6-412d-b50d-0ca87fa4d90d\u00bb button_text_color=\u00bb#FFFFFF\u00bb button_bg_color=\u00bb#000000&#8243; button_letter_spacing=\u00bb3px\u00bb button_font=\u00bb&#8211;et_global_body_font|700||on|||||\u00bb global_colors_info=\u00bb{}\u00bb button_bg_color__hover_enabled=\u00bbon|hover\u00bb button_bg_color__hover=\u00bb#ffa333&#8243; button_bg_enable_color__hover=\u00bbon\u00bb][\/et_pb_button][\/et_pb_column][\/et_pb_row][\/et_pb_section][et_pb_section fb_built=\u00bb1&#8243; admin_label=\u00bbBlog\u00bb _builder_version=\u00bb4.22.0&#8243; _module_preset=\u00bbdefault\u00bb da_disable_devices=\u00bboff|off|off\u00bb collapsed=\u00bbon\u00bb global_colors_info=\u00bb{}\u00bb da_is_popup=\u00bboff\u00bb da_exit_intent=\u00bboff\u00bb da_has_close=\u00bbon\u00bb da_alt_close=\u00bboff\u00bb da_dark_close=\u00bboff\u00bb da_not_modal=\u00bbon\u00bb da_is_singular=\u00bboff\u00bb da_with_loader=\u00bboff\u00bb da_has_shadow=\u00bbon\u00bb][et_pb_row _builder_version=\u00bb4.27.3&#8243; _module_preset=\u00bbdefault\u00bb custom_margin_tablet=\u00bb\u00bb custom_margin_phone=\u00bb-64px||||false|false\u00bb custom_margin_last_edited=\u00bbon|phone\u00bb global_colors_info=\u00bb{}\u00bb][et_pb_column type=\u00bb4_4&#8243; _builder_version=\u00bb4.22.0&#8243; _module_preset=\u00bbdefault\u00bb global_colors_info=\u00bb{}\u00bb][et_pb_text _builder_version=\u00bb4.27.3&#8243; _module_preset=\u00bb2a6b675c-425e-4d5c-9715-5f58bdfdaac6&#8243; header_2_font=\u00bb&#8211;et_global_heading_font|700|||||||\u00bb text_orientation=\u00bbcenter\u00bb header_2_font_size_phone=\u00bb34px\u00bb global_colors_info=\u00bb{}\u00bb]<\/p>\n<h2>Bicilicuadora Blog<\/h2>\n<p>[\/et_pb_text][et_pb_blog posts_number=\u00bb3&#8243; show_pagination=\u00bboff\u00bb _builder_version=\u00bb4.27.3&#8243; _module_preset=\u00bb01dc4999-49fe-41ba-8761-891116c97c83&#8243; meta_text_color=\u00bb#ffa333&#8243; custom_css_free_form=\u00bb.et_pb_image_container {||  margin: 0;||}\u00bb border_color_all=\u00bbgcid-95530a2b-5e91-45c7-8ffb-59bb0a37f154&#8243; locked=\u00bboff\u00bb global_colors_info=\u00bb{%22gcid-95530a2b-5e91-45c7-8ffb-59bb0a37f154%22:%91%22border_color_all%22,%22pagination_text_color%22%93}\u00bb][\/et_pb_blog][et_pb_button button_url=\u00bbhttps:\/\/bicilicuadora.com\/blog-bicilicuadora\/\u00bb url_new_window=\u00bbon\u00bb button_text=\u00bbLeer m\u00e1s\u00bb button_alignment=\u00bbcenter\u00bb _builder_version=\u00bb4.27.3&#8243; _module_preset=\u00bb53f2e5c7-efb6-412d-b50d-0ca87fa4d90d\u00bb button_text_color=\u00bb#FFFFFF\u00bb button_bg_color=\u00bb#000000&#8243; button_letter_spacing=\u00bb3px\u00bb button_font=\u00bb&#8211;et_global_body_font|700||on|||||\u00bb global_colors_info=\u00bb{}\u00bb button_bg_color__hover_enabled=\u00bbon|hover\u00bb button_bg_color__hover=\u00bb#ffa333&#8243; button_bg_enable_color__hover=\u00bbon\u00bb][\/et_pb_button][\/et_pb_column][\/et_pb_row][\/et_pb_section]<\/p>\n","protected":false},"excerpt":{"rendered":"<p>Stands en feriasEn Bicilicuadora, ofrecemos una forma innovadora y sostenible de atraer a visitantes a tu stand en ferias y exposiciones. Con nuestra propuesta interactiva, transformamos tu espacio en una experiencia memorable que combina creatividad, energ\u00eda y diversi\u00f3n. \u00bfQu\u00e9 aportamos a tu stand? Genera impacto: La Bicilicuadora es una herramienta que captura la atenci\u00f3n al [&hellip;]<\/p>\n","protected":false},"author":2,"featured_media":0,"parent":0,"menu_order":0,"comment_status":"closed","ping_status":"closed","template":"","meta":{"_et_pb_use_builder":"on","_et_pb_old_content":"","_et_gb_content_width":"","footnotes":""},"class_list":["post-249459","page","type-page","status-publish","hentry"],"_links":{"self":[{"href":"https:\/\/bicilicuadora.com\/en\/wp-json\/wp\/v2\/pages\/249459","targetHints":{"allow":["GET"]}}],"collection":[{"href":"https:\/\/bicilicuadora.com\/en\/wp-json\/wp\/v2\/pages"}],"about":[{"href":"https:\/\/bicilicuadora.com\/en\/wp-json\/wp\/v2\/types\/page"}],"author":[{"embeddable":true,"href":"https:\/\/bicilicuadora.com\/en\/wp-json\/wp\/v2\/users\/2"}],"replies":[{"embeddable":true,"href":"https:\/\/bicilicuadora.com\/en\/wp-json\/wp\/v2\/comments?post=249459"}],"version-history":[{"count":6,"href":"https:\/\/bicilicuadora.com\/en\/wp-json\/wp\/v2\/pages\/249459\/revisions"}],"predecessor-version":[{"id":249702,"href":"https:\/\/bicilicuadora.com\/en\/wp-json\/wp\/v2\/pages\/249459\/revisions\/249702"}],"wp:attachment":[{"href":"https:\/\/bicilicuadora.com\/en\/wp-json\/wp\/v2\/media?parent=249459"}],"curies":[{"name":"wp","href":"https:\/\/api.w.org\/{rel}","templated":true}]}}