{"id":249465,"date":"2024-11-22T19:45:47","date_gmt":"2024-11-22T18:45:47","guid":{"rendered":"https:\/\/bicilicuadora.com\/?page_id=249465"},"modified":"2025-12-09T16:23:57","modified_gmt":"2025-12-09T15:23:57","slug":"empresas","status":"publish","type":"page","link":"https:\/\/bicilicuadora.com\/en\/empresas\/","title":{"rendered":"Companies"},"content":{"rendered":"<p>[et_pb_section fb_built=\u00bb1&#8243; admin_label=\u00bbHeader\u00bb _builder_version=\u00bb4.22.0&#8243; _module_preset=\u00bbdefault\u00bb custom_padding=\u00bb0px||0px||true|false\u00bb da_disable_devices=\u00bboff|off|off\u00bb collapsed=\u00bbon\u00bb global_colors_info=\u00bb{}\u00bb da_is_popup=\u00bboff\u00bb da_exit_intent=\u00bboff\u00bb da_has_close=\u00bbon\u00bb da_alt_close=\u00bboff\u00bb da_dark_close=\u00bboff\u00bb da_not_modal=\u00bbon\u00bb da_is_singular=\u00bboff\u00bb da_with_loader=\u00bboff\u00bb da_has_shadow=\u00bbon\u00bb][et_pb_row column_structure=\u00bb1_2,1_2&#8243; make_equal=\u00bbon\u00bb _builder_version=\u00bb4.27.5&#8243; _module_preset=\u00bbdefault\u00bb background_enable_image=\u00bboff\u00bb background_size=\u00bbinitial\u00bb width=\u00bb100%\u00bb max_width=\u00bb2000px\u00bb custom_padding=\u00bb0px||0px||true|false\u00bb hover_enabled=\u00bb0&#8243; global_colors_info=\u00bb{}\u00bb sticky_enabled=\u00bb0&#8243;][et_pb_column type=\u00bb1_2&#8243; _builder_version=\u00bb4.27.5&#8243; _module_preset=\u00bbdefault\u00bb background_image=\u00bbhttps:\/\/bicilicuadora.com\/wp-content\/uploads\/2025\/12\/bicilicuadora-empresas_11zon.webp\u00bb hover_enabled=\u00bb0&#8243; global_colors_info=\u00bb{}\u00bb alt=\u00bbBicilicuadora Servicios\u00bb title_text=\u00bbBicilicuadora Servicios\u00bb sticky_enabled=\u00bb0&#8243;][et_pb_divider show_divider=\u00bboff\u00bb _builder_version=\u00bb4.22.0&#8243; _module_preset=\u00bbdefault\u00bb height_tablet=\u00bb40vw\u00bb height_phone=\u00bb40vw\u00bb height_last_edited=\u00bbon|desktop\u00bb global_colors_info=\u00bb{}\u00bb][\/et_pb_divider][\/et_pb_column][et_pb_column type=\u00bb1_2&#8243; _builder_version=\u00bb4.27.3&#8243; _module_preset=\u00bbdefault\u00bb custom_padding=\u00bb26px|8%|26px||true|false\u00bb custom_padding_tablet=\u00bb|||8%|true|false\u00bb custom_padding_phone=\u00bb|||8%|true|false\u00bb custom_padding_last_edited=\u00bbon|tablet\u00bb global_colors_info=\u00bb{}\u00bb][et_pb_text _builder_version=\u00bb4.27.3&#8243; _module_preset=\u00bbefc92e44-d736-4ae9-a3d1-2725f2d01764&#8243; header_font=\u00bb&#8211;et_global_heading_font|700|||||||\u00bb custom_margin=\u00bb14px||10px||false|false\u00bb custom_margin_tablet=\u00bb14px||10px||false|false\u00bb custom_margin_phone=\u00bb-22px||10px||false|false\u00bb custom_margin_last_edited=\u00bbon|desktop\u00bb header_font_size_phone=\u00bb32px\u00bb global_colors_info=\u00bb{}\u00bb]<\/p>\n<h1>Empresas<\/h1>\n<p>[\/et_pb_text][et_pb_text _builder_version=\u00bb4.27.3&#8243; _module_preset=\u00bb75cbc685-b695-4930-a3b2-044b7c01ec9c\u00bb text_font=\u00bb&#8211;et_global_body_font||||||||\u00bb global_colors_info=\u00bb{}\u00bb]<\/p>\n<p>Transforma la rutina laboral de tus empleados en una experiencia llena de energ\u00eda y diversi\u00f3n con Bicilicuadora. Nuestro servicio interactivo promueve el bienestar f\u00edsico y mental, al mismo tiempo que refuerza los valores de sostenibilidad y trabajo en equipo.<\/p>\n<p><strong>\u00bfQu\u00e9 ofrecemos a tu empresa?<\/strong><\/p>\n<ul>\n<li><span style=\"color: #ff9900;\"><strong>Actividad f\u00edsica en la oficina<\/strong><\/span>: Los empleados pedalean para preparar batidos saludables, fomentando la actividad f\u00edsica en el lugar de trabajo de una manera creativa y entretenida.<\/li>\n<li><span style=\"color: #ff9900;\"><strong>Fomento de la conciencia ambiental<\/strong><\/span>: Al funcionar con energ\u00eda humana, la Bicilicuadora promueve h\u00e1bitos sostenibles, aline\u00e1ndose con los valores de empresas responsables y ecol\u00f3gicas.<\/li>\n<li><span style=\"color: #ff9900;\"><strong>Mejora del clima laboral<\/strong><\/span>: Las sesiones con la Bicilicuadora generan momentos de conexi\u00f3n y diversi\u00f3n entre compa\u00f1eros, reforzando el esp\u00edritu de equipo y la colaboraci\u00f3n.<\/li>\n<\/ul>\n<p><strong>Beneficios para tus empleados:<\/strong><\/p>\n<ol>\n<li><span style=\"color: #ff9900;\"><strong>Salud y bienestar<\/strong><\/span>: Refuerza h\u00e1bitos saludables con jugos naturales preparados al momento.<\/li>\n<li><span style=\"color: #ff9900;\"><strong>Motivaci\u00f3n y dinamismo<\/strong><\/span>: Introduce una actividad diferente que estimula la creatividad y reduce el estr\u00e9s.<\/li>\n<li><span style=\"color: #ff9900;\"><strong>Participaci\u00f3n activa<\/strong><\/span>: Una manera pr\u00e1ctica de involucrar a los empleados en actividades que conectan cuerpo y mente.<\/li>\n<\/ol>\n<p>Ideal para jornadas de bienestar, eventos de team building o iniciativas de responsabilidad social corporativa, Bicilicuadora es la herramienta perfecta para mejorar la experiencia laboral de tu equipo.<\/p>\n<p>[\/et_pb_text][et_pb_button button_url=\u00bbhttps:\/\/bicilicuadora.com\/contacto\/\u00bb url_new_window=\u00bbon\u00bb button_text=\u00bbM\u00e1s informaci\u00f3n\u00bb _builder_version=\u00bb4.27.3&#8243; _module_preset=\u00bb53f2e5c7-efb6-412d-b50d-0ca87fa4d90d\u00bb button_text_color=\u00bb#FFFFFF\u00bb button_bg_color=\u00bb#000000&#8243; button_letter_spacing=\u00bb3px\u00bb button_font=\u00bb&#8211;et_global_body_font|700||on|||||\u00bb global_colors_info=\u00bb{}\u00bb button_bg_color__hover_enabled=\u00bbon|hover\u00bb button_bg_color__hover=\u00bb#ffa333&#8243; button_bg_enable_color__hover=\u00bbon\u00bb][\/et_pb_button][\/et_pb_column][\/et_pb_row][\/et_pb_section][et_pb_section fb_built=\u00bb1&#8243; admin_label=\u00bbBlog\u00bb _builder_version=\u00bb4.22.0&#8243; _module_preset=\u00bbdefault\u00bb da_disable_devices=\u00bboff|off|off\u00bb collapsed=\u00bbon\u00bb global_colors_info=\u00bb{}\u00bb da_is_popup=\u00bboff\u00bb da_exit_intent=\u00bboff\u00bb da_has_close=\u00bbon\u00bb da_alt_close=\u00bboff\u00bb da_dark_close=\u00bboff\u00bb da_not_modal=\u00bbon\u00bb da_is_singular=\u00bboff\u00bb da_with_loader=\u00bboff\u00bb da_has_shadow=\u00bbon\u00bb][et_pb_row _builder_version=\u00bb4.27.3&#8243; _module_preset=\u00bbdefault\u00bb custom_margin_tablet=\u00bb\u00bb custom_margin_phone=\u00bb-64px||||false|false\u00bb custom_margin_last_edited=\u00bbon|phone\u00bb global_colors_info=\u00bb{}\u00bb][et_pb_column type=\u00bb4_4&#8243; _builder_version=\u00bb4.22.0&#8243; _module_preset=\u00bbdefault\u00bb global_colors_info=\u00bb{}\u00bb][et_pb_text _builder_version=\u00bb4.27.3&#8243; _module_preset=\u00bb2a6b675c-425e-4d5c-9715-5f58bdfdaac6&#8243; header_2_font=\u00bb&#8211;et_global_heading_font|700|||||||\u00bb text_orientation=\u00bbcenter\u00bb header_2_font_size_phone=\u00bb34px\u00bb global_colors_info=\u00bb{}\u00bb]<\/p>\n<h2>Bicilicuadora Blog<\/h2>\n<p>[\/et_pb_text][et_pb_blog posts_number=\u00bb3&#8243; show_pagination=\u00bboff\u00bb _builder_version=\u00bb4.27.3&#8243; _module_preset=\u00bb01dc4999-49fe-41ba-8761-891116c97c83&#8243; meta_text_color=\u00bb#ffa333&#8243; custom_css_free_form=\u00bb.et_pb_image_container {||  margin: 0;||}\u00bb border_color_all=\u00bbgcid-95530a2b-5e91-45c7-8ffb-59bb0a37f154&#8243; locked=\u00bboff\u00bb global_colors_info=\u00bb{%22gcid-95530a2b-5e91-45c7-8ffb-59bb0a37f154%22:%91%22border_color_all%22,%22pagination_text_color%22%93}\u00bb][\/et_pb_blog][et_pb_button button_url=\u00bbhttps:\/\/bicilicuadora.com\/blog-bicilicuadora\/\u00bb url_new_window=\u00bbon\u00bb button_text=\u00bbLeer m\u00e1s\u00bb button_alignment=\u00bbcenter\u00bb _builder_version=\u00bb4.27.3&#8243; _module_preset=\u00bb53f2e5c7-efb6-412d-b50d-0ca87fa4d90d\u00bb button_text_color=\u00bb#FFFFFF\u00bb button_bg_color=\u00bb#000000&#8243; button_letter_spacing=\u00bb3px\u00bb button_font=\u00bb&#8211;et_global_body_font|700||on|||||\u00bb global_colors_info=\u00bb{}\u00bb button_bg_color__hover_enabled=\u00bbon|hover\u00bb button_bg_color__hover=\u00bb#ffa333&#8243; button_bg_enable_color__hover=\u00bbon\u00bb][\/et_pb_button][\/et_pb_column][\/et_pb_row][\/et_pb_section]<\/p>\n","protected":false},"excerpt":{"rendered":"<p>EmpresasTransforma la rutina laboral de tus empleados en una experiencia llena de energ\u00eda y diversi\u00f3n con Bicilicuadora. Nuestro servicio interactivo promueve el bienestar f\u00edsico y mental, al mismo tiempo que refuerza los valores de sostenibilidad y trabajo en equipo. \u00bfQu\u00e9 ofrecemos a tu empresa? Actividad f\u00edsica en la oficina: Los empleados pedalean para preparar batidos [&hellip;]<\/p>\n","protected":false},"author":2,"featured_media":0,"parent":0,"menu_order":0,"comment_status":"closed","ping_status":"closed","template":"","meta":{"_et_pb_use_builder":"on","_et_pb_old_content":"","_et_gb_content_width":"","footnotes":""},"class_list":["post-249465","page","type-page","status-publish","hentry"],"_links":{"self":[{"href":"https:\/\/bicilicuadora.com\/en\/wp-json\/wp\/v2\/pages\/249465","targetHints":{"allow":["GET"]}}],"collection":[{"href":"https:\/\/bicilicuadora.com\/en\/wp-json\/wp\/v2\/pages"}],"about":[{"href":"https:\/\/bicilicuadora.com\/en\/wp-json\/wp\/v2\/types\/page"}],"author":[{"embeddable":true,"href":"https:\/\/bicilicuadora.com\/en\/wp-json\/wp\/v2\/users\/2"}],"replies":[{"embeddable":true,"href":"https:\/\/bicilicuadora.com\/en\/wp-json\/wp\/v2\/comments?post=249465"}],"version-history":[{"count":4,"href":"https:\/\/bicilicuadora.com\/en\/wp-json\/wp\/v2\/pages\/249465\/revisions"}],"predecessor-version":[{"id":249701,"href":"https:\/\/bicilicuadora.com\/en\/wp-json\/wp\/v2\/pages\/249465\/revisions\/249701"}],"wp:attachment":[{"href":"https:\/\/bicilicuadora.com\/en\/wp-json\/wp\/v2\/media?parent=249465"}],"curies":[{"name":"wp","href":"https:\/\/api.w.org\/{rel}","templated":true}]}}